{"id":1365,"date":"2020-05-02T00:15:17","date_gmt":"2020-05-01T21:15:17","guid":{"rendered":"https:\/\/www.povesti-nemuritoare.ro\/?page_id=1365"},"modified":"2020-05-12T11:03:50","modified_gmt":"2020-05-12T08:03:50","slug":"proverbe-si-zicatori","status":"publish","type":"page","link":"https:\/\/scriem.ro\/povesti\/proverbe-si-zicatori\/","title":{"rendered":"Proverbe \u0219i zic\u0103tori"},"content":{"rendered":"<p style=\"text-align: justify;\"><strong>Proverbul<\/strong> este o expresie popular\u0103 concis\u0103, deseori figurat\u0103, care con\u0163ine o generalizare a experien\u0163ei de via\u0163\u0103 sub form\u0103 de pova\u0163\u0103 sau de g\u00e2nd \u00een\u0163elept; vorb\u0103 din b\u0103tr\u00e2ni; aforism popular.<\/p>\n<p style=\"text-align: justify;\"><strong>Zic\u0103toarea<\/strong> este o fraz\u0103 scurt\u0103, uneori rimat\u0103, asem\u0103n\u0103toare maximei, prin care poporul exprim\u0103 \u00een mod metaforic o constatare de ordin general, filozofic, un principiu etic, o norm\u0103 de conduit\u0103.<\/p>\n<hr \/>\n<p style=\"text-align: center;\"><a class=\"maxbutton-5 maxbutton maxbutton-proverbe-efbe88e58693-zicefbe84e38395ori-ordonate-alfabetic\" rel=\"nofollow noopener\" href=\"https:\/\/www.povesti-pentru-copii.ro\/proverbe-si-zicatori-ordonate-alfabetic\/\"><span class='mb-text'>Vezi proverbe \u0219i zic\u0103tori ordonate alfabetic<\/span><\/a><\/p>\n<p>&nbsp;<\/p>\n<p>&nbsp;<\/p>\n<p>&nbsp;<\/p>\n<p>&nbsp;<\/p>\n","protected":false},"excerpt":{"rendered":"<p>Proverbul este o expresie popular\u0103 concis\u0103, deseori figurat\u0103, care con\u0163ine o generalizare a experien\u0163ei de via\u0163\u0103 sub form\u0103 de pova\u0163\u0103 sau de g\u00e2nd \u00een\u0163elept; vorb\u0103 din b\u0103tr\u00e2ni; aforism popular. Zic\u0103toarea &#8230; <\/p>\n<p class=\"read-more-container\"><a title=\"Proverbe \u0219i zic\u0103tori\" class=\"read-more button\" href=\"https:\/\/scriem.ro\/povesti\/proverbe-si-zicatori\/#more-1365\" aria-label=\"Read more about Proverbe \u0219i zic\u0103tori\">Continua\u021bi s\u0103 citi\u021bi<\/a><\/p>\n","protected":false},"author":2,"featured_media":0,"parent":0,"menu_order":0,"comment_status":"closed","ping_status":"closed","template":"","meta":{"_uf_show_specific_survey":0,"_uf_disable_surveys":false,"footnotes":""},"class_list":{"0":"post-1365","1":"page","2":"type-page","3":"status-publish","5":"infinite-scroll-item"},"aioseo_notices":[],"_links":{"self":[{"href":"https:\/\/scriem.ro\/povesti\/wp-json\/wp\/v2\/pages\/1365","targetHints":{"allow":["GET"]}}],"collection":[{"href":"https:\/\/scriem.ro\/povesti\/wp-json\/wp\/v2\/pages"}],"about":[{"href":"https:\/\/scriem.ro\/povesti\/wp-json\/wp\/v2\/types\/page"}],"author":[{"embeddable":true,"href":"https:\/\/scriem.ro\/povesti\/wp-json\/wp\/v2\/users\/2"}],"replies":[{"embeddable":true,"href":"https:\/\/scriem.ro\/povesti\/wp-json\/wp\/v2\/comments?post=1365"}],"version-history":[{"count":0,"href":"https:\/\/scriem.ro\/povesti\/wp-json\/wp\/v2\/pages\/1365\/revisions"}],"wp:attachment":[{"href":"https:\/\/scriem.ro\/povesti\/wp-json\/wp\/v2\/media?parent=1365"}],"curies":[{"name":"wp","href":"https:\/\/api.w.org\/{rel}","templated":true}]}}