{"id":2723,"date":"2020-05-08T21:45:54","date_gmt":"2020-05-08T18:45:54","guid":{"rendered":"https:\/\/www.povesti-nemuritoare.ro\/?page_id=2723"},"modified":"2020-05-12T11:04:31","modified_gmt":"2020-05-12T08:04:31","slug":"povesti-scurte-de-adormit-copiii","status":"publish","type":"page","link":"https:\/\/scriem.ro\/povesti\/genul-epic\/proza\/basme-povesti-si-povestiri\/povesti-scurte-de-adormit-copiii\/","title":{"rendered":"Pove\u0219ti scurte de adormit copiii"},"content":{"rendered":"<p>\u00cen fiecare sear\u0103, copila\u0219ii no\u0219tri dragi, nu vor sub nicio form\u0103 s\u0103 mearg\u0103 la culcare dac\u0103 unul dintre p\u0103rin\u021bi nu le cite\u0219te o povestioar\u0103 mic\u0103, c\u00e2t de mic\u0103. A\u0219a c\u0103 venim \u00een sprijinul vostru cu o mic\u0103 colec\u021bie de <a href=\"https:\/\/scriem.ro\/povesti\/\">pove\u0219ti<\/a> scurte, perfecte pentru adormit copiii.<\/p>\n<p style=\"text-align: center;\"><style>.wp-show-posts-columns#wpsp-2772 {margin-left: -2em; }.wp-show-posts-columns#wpsp-2772 .wp-show-posts-inner {margin: 0 0 2em 2em; }<\/style><section id=\"wpsp-2772\" class=\" wp-show-posts-columns wp-show-posts\" style=\"\"><article class=\" wp-show-posts-single post-2902 post type-post status-publish format-standard hentry category-ion-creanga category-povesti-pentru-copii category-povesti-scurte tag-acul-si-barosul tag-ion-creanga tag-povesti tag-povesti-pentru-copii wpsp-col-6\" itemtype=\"http:\/\/schema.org\/CreativeWork\" itemscope><div class=\"wp-show-posts-inner\" style=\"\">\t\t\t\t\t\t<header class=\"wp-show-posts-entry-header\">\n\t\t\t\t\t\t\t<h2 class=\"wp-show-posts-entry-title\" itemprop=\"headline\"><a href=\"https:\/\/scriem.ro\/povesti\/acul-si-barosul\/\" rel=\"bookmark\">Acul \u015fi barosul<\/a><\/h2>\t\t\t\t\t\t<\/header><!-- .entry-header -->\n\t\t\t\t\t\t\t\t\t\t\t<div class=\"wp-show-posts-entry-summary\" itemprop=\"text\">\n\t\t\t\t\t\t\t<p>Acul: Mo\u015fule, de ce e\u015fti zurbagiu? Te sf\u0103de\u015fti necontenit cu sor\u0103-ta nicovala, \u0163ipa\u0163i \u015fi face\u0163i larm\u0103, de-mi \u0163iuie urechile. Eu lucrez toat\u0103 ziua, \u015fi nime nu-mi aude gura. \u00a0\u00a0\u00a0\u00a0\u00a0\u00a0\u00a0\u00a0\u2013 Iaca,&#8230;<\/p>\n\t\t\t\t\t\t<\/div><!-- .entry-summary -->\n\t\t\t\t\t<div class=\"wpsp-read-more\"><a title=\"Acul \u015fi barosul\" class=\"wp-show-posts-read-more\" href=\"https:\/\/scriem.ro\/povesti\/acul-si-barosul\/\">Citi\u021bi postarea complet\u0103<\/a><\/div><\/div><!-- wp-show-posts-inner --><\/article><article class=\" wp-show-posts-single post-12039 post type-post status-publish format-standard hentry category-povesti-japoneze category-povesti-pentru-copii category-povesti-scurte category-povestiri-zen tag-aflarea-unui-adevar tag-poveste-japoneza tag-povesti-pentru-copii tag-povestire-zen wpsp-col-6\" itemtype=\"http:\/\/schema.org\/CreativeWork\" itemscope><div class=\"wp-show-posts-inner\" style=\"\">\t\t\t\t\t\t<header class=\"wp-show-posts-entry-header\">\n\t\t\t\t\t\t\t<h2 class=\"wp-show-posts-entry-title\" itemprop=\"headline\"><a href=\"https:\/\/scriem.ro\/povesti\/aflarea-unui-adevar\/\" rel=\"bookmark\">Aflarea unui adev\u0103r<\/a><\/h2>\t\t\t\t\t\t<\/header><!-- .entry-header -->\n\t\t\t\t\t\t\t\t\t\t\t<div class=\"wp-show-posts-entry-summary\" itemprop=\"text\">\n\t\t\t\t\t\t\t<p>\u00centr-o zi un mare demon c\u0103l\u0103torea prin satele Indiei cu ucenicii s\u0103i. \u00centr-un loc a v\u0103zut un om \u00een medita\u021bie a c\u0103rui fa\u021b\u0103 s-a iluminat dintr-o dat\u0103. Omul tocmai descoperise&#8230;<\/p>\n\t\t\t\t\t\t<\/div><!-- .entry-summary -->\n\t\t\t\t\t<div class=\"wpsp-read-more\"><a title=\"Aflarea unui adev\u0103r\" class=\"wp-show-posts-read-more\" href=\"https:\/\/scriem.ro\/povesti\/aflarea-unui-adevar\/\">Citi\u021bi postarea complet\u0103<\/a><\/div><\/div><!-- wp-show-posts-inner --><\/article><article class=\" wp-show-posts-single post-11922 post type-post status-publish format-standard hentry category-eufrosina-dorobantu category-povesti-pentru-copii category-povesti-scurte tag-arborele-de-ceai-verde tag-poveste-chinezeasca tag-povesti-pentru-copii wpsp-col-6\" itemtype=\"http:\/\/schema.org\/CreativeWork\" itemscope><div class=\"wp-show-posts-inner\" style=\"\">\t\t\t\t\t\t<header class=\"wp-show-posts-entry-header\">\n\t\t\t\t\t\t\t<h2 class=\"wp-show-posts-entry-title\" itemprop=\"headline\"><a href=\"https:\/\/scriem.ro\/povesti\/arborele-de-ceai-verde\/\" rel=\"bookmark\">Arborele de ceai verde<\/a><\/h2>\t\t\t\t\t\t<\/header><!-- .entry-header -->\n\t\t\t\t\t\t\t\t\t\t\t<div class=\"wp-show-posts-entry-summary\" itemprop=\"text\">\n\t\t\t\t\t\t\t<p>repovestit\u0103 de Eufrosina Doroban\u021bu Pove\u0219ti nemuritoare nr. 22 (1980) \u0219i 28 (1996), Editura Ion Creang\u0103, Bucure\u0219ti Cu mult timp \u00eenainte, era odat\u0103 un munte, un munte pe care nu curgea&#8230;<\/p>\n\t\t\t\t\t\t<\/div><!-- .entry-summary -->\n\t\t\t\t\t<div class=\"wpsp-read-more\"><a title=\"Arborele de ceai verde\" class=\"wp-show-posts-read-more\" href=\"https:\/\/scriem.ro\/povesti\/arborele-de-ceai-verde\/\">Citi\u021bi postarea complet\u0103<\/a><\/div><\/div><!-- wp-show-posts-inner --><\/article><article class=\" wp-show-posts-single post-11924 post type-post status-publish format-standard hentry category-li-yu-gi category-povesti-chinezesti category-povesti-pentru-copii category-povesti-scurte tag-asa-este tag-povesti-cinezesti tag-povesti-pentru-copii wpsp-col-6\" itemtype=\"http:\/\/schema.org\/CreativeWork\" itemscope><div class=\"wp-show-posts-inner\" style=\"\">\t\t\t\t\t\t<header class=\"wp-show-posts-entry-header\">\n\t\t\t\t\t\t\t<h2 class=\"wp-show-posts-entry-title\" itemprop=\"headline\"><a href=\"https:\/\/scriem.ro\/povesti\/asa-este\/\" rel=\"bookmark\">\u200bA\u0219a este!<\/a><\/h2>\t\t\t\t\t\t<\/header><!-- .entry-header -->\n\t\t\t\t\t\t\t\t\t\t\t<div class=\"wp-show-posts-entry-summary\" itemprop=\"text\">\n\t\t\t\t\t\t\t<p>repovestit\u0103 de Li Yu-Gi Pove\u0219ti nemuritoare nr. 18 (1975) \u0219i 38 (1997), Editura Ion Creang\u0103, Bucure\u0219ti Tr\u0103ia odat\u0103 un bog\u0103ta\u0219 poreclit \u201eArdei-iute\u201d. Era un om tare zg\u00e2rcit \u0219i hain. Ce&#8230;<\/p>\n\t\t\t\t\t\t<\/div><!-- .entry-summary -->\n\t\t\t\t\t<div class=\"wpsp-read-more\"><a title=\"\u200bA\u0219a este!\" class=\"wp-show-posts-read-more\" href=\"https:\/\/scriem.ro\/povesti\/asa-este\/\">Citi\u021bi postarea complet\u0103<\/a><\/div><\/div><!-- wp-show-posts-inner --><\/article><article class=\" wp-show-posts-single post-12047 post type-post status-publish format-standard hentry category-povesti-japoneze category-povesti-pentru-copii category-povesti-scurte category-povestiri-zen tag-atarnand-in-prapastie tag-poveste-japoneza tag-povesti-pentru-copii tag-povestire-zen-japoneza wpsp-col-6\" itemtype=\"http:\/\/schema.org\/CreativeWork\" itemscope><div class=\"wp-show-posts-inner\" style=\"\">\t\t\t\t\t\t<header class=\"wp-show-posts-entry-header\">\n\t\t\t\t\t\t\t<h2 class=\"wp-show-posts-entry-title\" itemprop=\"headline\"><a href=\"https:\/\/scriem.ro\/povesti\/atarnand-in-prapastie\/\" rel=\"bookmark\">At\u00e2rn\u00e2nd \u00een pr\u0103pastie<\/a><\/h2>\t\t\t\t\t\t<\/header><!-- .entry-header -->\n\t\t\t\t\t\t\t\t\t\t\t<div class=\"wp-show-posts-entry-summary\" itemprop=\"text\">\n\t\t\t\t\t\t\t<p>\u00centr-o zi, merg\u00e2nd prin s\u0103lb\u0103ticie, un om a \u00eent\u00e2lnit un tigru fioros. Omul a luat-o la fug\u0103, dar a ajuns la marginea unei pr\u0103pastii. \u00cen disperare, omul a \u00eenceput s\u0103&#8230;<\/p>\n\t\t\t\t\t\t<\/div><!-- .entry-summary -->\n\t\t\t\t\t<div class=\"wpsp-read-more\"><a title=\"At\u00e2rn\u00e2nd \u00een pr\u0103pastie\" class=\"wp-show-posts-read-more\" href=\"https:\/\/scriem.ro\/povesti\/atarnand-in-prapastie\/\">Citi\u021bi postarea complet\u0103<\/a><\/div><\/div><!-- wp-show-posts-inner --><\/article><article class=\" wp-show-posts-single post-11926 post type-post status-publish format-standard hentry category-li-iu-giu category-povesti-chinezesti category-povesti-pentru-copii category-povesti-scurte tag-aupan-si-san-lu tag-poveste-chinezeasca tag-povesti-pentru-copii wpsp-col-6\" itemtype=\"http:\/\/schema.org\/CreativeWork\" itemscope><div class=\"wp-show-posts-inner\" style=\"\">\t\t\t\t\t\t<header class=\"wp-show-posts-entry-header\">\n\t\t\t\t\t\t\t<h2 class=\"wp-show-posts-entry-title\" itemprop=\"headline\"><a href=\"https:\/\/scriem.ro\/povesti\/aupan-si-san-lu\/\" rel=\"bookmark\">\u200bAupan \u0219i San-lu<\/a><\/h2>\t\t\t\t\t\t<\/header><!-- .entry-header -->\n\t\t\t\t\t\t\t\t\t\t\t<div class=\"wp-show-posts-entry-summary\" itemprop=\"text\">\n\t\t\t\t\t\t\t<p>tradus\u0103 \u00een rom\u00e2ne\u0219te de Li Iu-Giu Pove\u0219ti nemuritoare nr. 15, Editura Ion Creang\u0103, Bucure\u0219ti, 1972 A fost odat\u0103 o fat\u0103, Aupan, \u0219i un b\u0103iat, San-lu, care tr\u0103iau \u00eentr-o regiune muntoas\u0103,&#8230;<\/p>\n\t\t\t\t\t\t<\/div><!-- .entry-summary -->\n\t\t\t\t\t<div class=\"wpsp-read-more\"><a title=\"\u200bAupan \u0219i San-lu\" class=\"wp-show-posts-read-more\" href=\"https:\/\/scriem.ro\/povesti\/aupan-si-san-lu\/\">Citi\u021bi postarea complet\u0103<\/a><\/div><\/div><!-- wp-show-posts-inner --><\/article><article class=\" wp-show-posts-single post-11928 post type-post status-publish format-standard hentry category-povesti-chinezesti category-povesti-pentru-copii category-povesti-scurte category-victor-visinescu tag-avandi-istetul tag-poveste-chinezeasca tag-povesti-pentru-copii wpsp-col-6\" itemtype=\"http:\/\/schema.org\/CreativeWork\" itemscope><div class=\"wp-show-posts-inner\" style=\"\">\t\t\t\t\t\t<header class=\"wp-show-posts-entry-header\">\n\t\t\t\t\t\t\t<h2 class=\"wp-show-posts-entry-title\" itemprop=\"headline\"><a href=\"https:\/\/scriem.ro\/povesti\/avandi-istetul\/\" rel=\"bookmark\">Avandi iste\u021bul<\/a><\/h2>\t\t\t\t\t\t<\/header><!-- .entry-header -->\n\t\t\t\t\t\t\t\t\t\t\t<div class=\"wp-show-posts-entry-summary\" itemprop=\"text\">\n\t\t\t\t\t\t\t<p>tradus\u0103 \u00een rom\u00e2ne\u0219te de Victor Vi\u0219inescu Pove\u0219ti nemuritoare, nr. 13, Editura Ion Creang\u0103, Bucure\u0219ti, 1975 Nu e hop s\u0103 nu \u00eel treac\u0103&#8230; Era un \u00eemp\u0103rat priceput la minte, care \u0219tia&#8230;<\/p>\n\t\t\t\t\t\t<\/div><!-- .entry-summary -->\n\t\t\t\t\t<div class=\"wpsp-read-more\"><a title=\"Avandi iste\u021bul\" class=\"wp-show-posts-read-more\" href=\"https:\/\/scriem.ro\/povesti\/avandi-istetul\/\">Citi\u021bi postarea complet\u0103<\/a><\/div><\/div><!-- wp-show-posts-inner --><\/article><article class=\" wp-show-posts-single post-12722 post type-post status-publish format-standard hentry category-povesti-pentru-copii category-povesti-rusesti category-povesti-scurte tag-baba-cloanta tag-poveste-ruseaasca tag-povesti-pentru-copii wpsp-col-6\" itemtype=\"http:\/\/schema.org\/CreativeWork\" itemscope><div class=\"wp-show-posts-inner\" style=\"\">\t\t\t\t\t\t<header class=\"wp-show-posts-entry-header\">\n\t\t\t\t\t\t\t<h2 class=\"wp-show-posts-entry-title\" itemprop=\"headline\"><a href=\"https:\/\/scriem.ro\/povesti\/baba-cloanta\/\" rel=\"bookmark\">Baba Cloan\u021ba<\/a><\/h2>\t\t\t\t\t\t<\/header><!-- .entry-header -->\n\t\t\t\t\t\t\t\t\t\t\t<div class=\"wp-show-posts-entry-summary\" itemprop=\"text\">\n\t\t\t\t\t\t\t<p>A fost odat\u0103 ca niciodat\u0103. Au fost odat\u0103 un b\u0103rbat \u015fi o nevast\u0103 care aveau o fiic\u0103. Femeia s-a \u00eemboln\u0103vit \u015fi a murit. B\u0103rbatul a jelit-o c\u00e2t a jelit-o \u015fi&#8230;<\/p>\n\t\t\t\t\t\t<\/div><!-- .entry-summary -->\n\t\t\t\t\t<div class=\"wpsp-read-more\"><a title=\"Baba Cloan\u021ba\" class=\"wp-show-posts-read-more\" href=\"https:\/\/scriem.ro\/povesti\/baba-cloanta\/\">Citi\u021bi postarea complet\u0103<\/a><\/div><\/div><!-- wp-show-posts-inner --><\/article><article class=\" wp-show-posts-single post-11930 post type-post status-publish format-standard hentry category-li-yu-gi category-povesti-chinezesti category-povesti-pentru-copii category-povesti-scurte tag-banditul-si-cotonogeala tag-poveste-chinezeasca tag-povesti-pentru-copii wpsp-col-6\" itemtype=\"http:\/\/schema.org\/CreativeWork\" itemscope><div class=\"wp-show-posts-inner\" style=\"\">\t\t\t\t\t\t<header class=\"wp-show-posts-entry-header\">\n\t\t\t\t\t\t\t<h2 class=\"wp-show-posts-entry-title\" itemprop=\"headline\"><a href=\"https:\/\/scriem.ro\/povesti\/banditul-si-cotonogeala\/\" rel=\"bookmark\">Banditul \u0219i Cotonogeal\u0103<\/a><\/h2>\t\t\t\t\t\t<\/header><!-- .entry-header -->\n\t\t\t\t\t\t\t\t\t\t\t<div class=\"wp-show-posts-entry-summary\" itemprop=\"text\">\n\t\t\t\t\t\t\t<p>repovestit\u0103 de Li Yu-Gi Pove\u0219ti nemuritoare nr. 18 (1975) \u0219i 46 (1999), Editura Ion Creang\u0103, Bucure\u0219ti Era odat\u0103 un b\u0103tr\u00e2n care avea doi fii. Omul nostru avea \u00eens\u0103 o fire&#8230;<\/p>\n\t\t\t\t\t\t<\/div><!-- .entry-summary -->\n\t\t\t\t\t<div class=\"wpsp-read-more\"><a title=\"Banditul \u0219i Cotonogeal\u0103\" class=\"wp-show-posts-read-more\" href=\"https:\/\/scriem.ro\/povesti\/banditul-si-cotonogeala\/\">Citi\u021bi postarea complet\u0103<\/a><\/div><\/div><!-- wp-show-posts-inner --><\/article><article class=\" wp-show-posts-single post-11974 post type-post status-publish format-standard hentry category-olga-stratulat-rosca category-povesti-chinezesti category-povesti-pentru-copii category-povesti-scurte tag-barbatul-cel-tont tag-poveste-chinezeasca tag-poveste-scurta tag-povesti tag-povesti-pentru-copii wpsp-col-6\" itemtype=\"http:\/\/schema.org\/CreativeWork\" itemscope><div class=\"wp-show-posts-inner\" style=\"\">\t\t\t\t\t\t<header class=\"wp-show-posts-entry-header\">\n\t\t\t\t\t\t\t<h2 class=\"wp-show-posts-entry-title\" itemprop=\"headline\"><a href=\"https:\/\/scriem.ro\/povesti\/barbatul-cel-tont\/\" rel=\"bookmark\">B\u0103rbatul cel tont<\/a><\/h2>\t\t\t\t\t\t<\/header><!-- .entry-header -->\n\t\t\t\t\t\t\t\t\t\t\t<div class=\"wp-show-posts-entry-summary\" itemprop=\"text\">\n\t\t\t\t\t\t\t<p>repovestit\u0103 de Olga Stratulat Pove\u0219ti nemuritoare nr. 21, Editura Ion Creang\u0103, Bucure\u0219ti, 1978 O femeie avea un b\u0103rbat foarte prost. Nu \u0219tia s\u0103 fac\u0103 nimic, iar dac\u0103 se apuca de&#8230;<\/p>\n\t\t\t\t\t\t<\/div><!-- .entry-summary -->\n\t\t\t\t\t<div class=\"wpsp-read-more\"><a title=\"B\u0103rbatul cel tont\" class=\"wp-show-posts-read-more\" href=\"https:\/\/scriem.ro\/povesti\/barbatul-cel-tont\/\">Citi\u021bi postarea complet\u0103<\/a><\/div><\/div><!-- wp-show-posts-inner --><\/article><div class=\"wpsp-clear\"><\/div><\/section><!-- .wp-show-posts --><div class=\"wpsp-load-more\"><span aria-current=\"page\" class=\"page-numbers current\">1<\/span>\n<a class=\"page-numbers\" href=\"https:\/\/scriem.ro\/povesti\/wp-json\/wp\/v2\/pages\/2723\/page\/2\/\">2<\/a>\n<span class=\"page-numbers dots\">&hellip;<\/span>\n<a class=\"page-numbers\" href=\"https:\/\/scriem.ro\/povesti\/wp-json\/wp\/v2\/pages\/2723\/page\/15\/\">15<\/a>\n<a class=\"next page-numbers\" href=\"https:\/\/scriem.ro\/povesti\/wp-json\/wp\/v2\/pages\/2723\/page\/2\/\">Next &rarr;<\/a><\/div><\/p>\n","protected":false},"excerpt":{"rendered":"<p>\u00cen fiecare sear\u0103, copila\u0219ii no\u0219tri dragi, nu vor sub nicio form\u0103 s\u0103 mearg\u0103 la culcare dac\u0103 unul dintre p\u0103rin\u021bi nu le cite\u0219te o povestioar\u0103 mic\u0103, c\u00e2t de mic\u0103. A\u0219a c\u0103 &#8230; <\/p>\n<p class=\"read-more-container\"><a title=\"B\u0103rbatul cel tont\" class=\"read-more button\" href=\"https:\/\/scriem.ro\/povesti\/barbatul-cel-tont\/#more-11974\" aria-label=\"Read more about B\u0103rbatul cel tont\">Continua\u021bi s\u0103 citi\u021bi<\/a><\/p>\n","protected":false},"author":2,"featured_media":0,"parent":40,"menu_order":0,"comment_status":"closed","ping_status":"closed","template":"","meta":{"_uf_show_specific_survey":0,"_uf_disable_surveys":false,"footnotes":""},"class_list":["post-2723","page","type-page","status-publish","hentry","infinite-scroll-item","generate-columns","tablet-grid-50","mobile-grid-100","grid-parent","grid-25"],"aioseo_notices":[],"_links":{"self":[{"href":"https:\/\/scriem.ro\/povesti\/wp-json\/wp\/v2\/pages\/2723","targetHints":{"allow":["GET"]}}],"collection":[{"href":"https:\/\/scriem.ro\/povesti\/wp-json\/wp\/v2\/pages"}],"about":[{"href":"https:\/\/scriem.ro\/povesti\/wp-json\/wp\/v2\/types\/page"}],"author":[{"embeddable":true,"href":"https:\/\/scriem.ro\/povesti\/wp-json\/wp\/v2\/users\/2"}],"replies":[{"embeddable":true,"href":"https:\/\/scriem.ro\/povesti\/wp-json\/wp\/v2\/comments?post=2723"}],"version-history":[{"count":0,"href":"https:\/\/scriem.ro\/povesti\/wp-json\/wp\/v2\/pages\/2723\/revisions"}],"up":[{"embeddable":true,"href":"https:\/\/scriem.ro\/povesti\/wp-json\/wp\/v2\/pages\/40"}],"wp:attachment":[{"href":"https:\/\/scriem.ro\/povesti\/wp-json\/wp\/v2\/media?parent=2723"}],"curies":[{"name":"wp","href":"https:\/\/api.w.org\/{rel}","templated":true}]}}