{"id":337,"date":"2020-04-20T11:39:14","date_gmt":"2020-04-20T08:39:14","guid":{"rendered":"https:\/\/www.povesti-nemuritoare.ro\/?page_id=337"},"modified":"2023-06-12T16:50:52","modified_gmt":"2023-06-12T13:50:52","slug":"diafilme","status":"publish","type":"page","link":"https:\/\/scriem.ro\/povesti\/diafilme\/","title":{"rendered":"Diafilme"},"content":{"rendered":"<p style=\"text-align: justify;\"><b>Diafilmul<\/b> (din prefixul \u00een limba greac\u0103 <i>\u03b4\u03b9\u03b1<\/i> cu sensul de <i>prin<\/i> \u0219i <i>film<\/i>) este un film fotografic (o band\u0103 de celuloid) care con\u021bine o serie de diapozitive (\u00eenso\u021bite de text explicativ) care se proiecteaz\u0103 pe un ecran (sau pe perete) cu ajutorul unui proiector.<\/p>\n<p>A fost creat\u0103 o colec\u0163ie frumoas\u0103 de diafilme video, cele mai frumoase <a href=\"https:\/\/scriem.ro\/povesti\/\">pove\u0219ti<\/a> prezentate prin diapozitive, pentru prichindeii no\u0219tri. Vizionare pl\u0103cut\u0103!<\/p>\n<table style=\"border-collapse: collapse; width: 100%;\">\n<tbody>\n<tr>\n<td style=\"width: 50%;\"><a href=\"https:\/\/www.povesti-pentru-copii.ro\/diafilm-alba-ca-zapada\/\">Alb\u0103 Ca Z\u0103pada<\/a><\/p>\n<p><a href=\"https:\/\/www.povesti-pentru-copii.ro\/diafilm-alba-ca-zapada-in-franceza\/\">Alb\u0103 Ca Z\u0103pada (versiunea \u00een francez\u0103)<\/a><\/p>\n<p><a href=\"https:\/\/www.povesti-pentru-copii.ro\/diafilm-amintiri-din-copilarie\/\">Amintiri din copil\u0103rie<\/a><\/p>\n<p><a href=\"https:\/\/www.povesti-pentru-copii.ro\/diafilm-amintirile-baronului\/\">Amintirile Baronului<\/a><\/td>\n<td style=\"width: 50%;\"><a href=\"https:\/\/www.povesti-pentru-copii.ro\/diafilm-gainusa-de-aur\/\">G\u0103inu\u0219a de Aur<\/a><\/p>\n<p><a href=\"https:\/\/www.povesti-pentru-copii.ro\/diafilm-gelu\/\">Gelu<\/a><\/p>\n<p><a href=\"https:\/\/www.povesti-pentru-copii.ro\/diafilm-greierul-si-furnica\/\">Greierul \u0219i Furnica<\/a><\/td>\n<\/tr>\n<tr>\n<td style=\"width: 50%;\"><a href=\"https:\/\/www.povesti-pentru-copii.ro\/diafilm-balada-unui-greier-mic\/\">Balada unui greier mic<\/a><\/p>\n<p><a href=\"https:\/\/www.povesti-pentru-copii.ro\/diafilm-bondocel\/\">Bondocel<\/a><\/p>\n<p><a href=\"https:\/\/www.povesti-pentru-copii.ro\/diafilm-budulea-taichi\/\">Budulea Taichi<\/a><\/p>\n<p><a href=\"https:\/\/www.povesti-pentru-copii.ro\/diafilm-bunicul-si-bunica\/\">Bunicul \u0219i Bunica<\/a><\/td>\n<td style=\"width: 50%;\"><a href=\"https:\/\/www.povesti-pentru-copii.ro\/diafilm-harap-alb\/\">Harap Alb<\/a><\/td>\n<\/tr>\n<tr>\n<td style=\"width: 50%;\"><a href=\"https:\/\/www.povesti-pentru-copii.ro\/diafilm-capra-cu-trei-iezi\/\">Capra cu trei iezi<\/a><\/p>\n<p><a href=\"https:\/\/www.povesti-pentru-copii.ro\/diafilm-casuta-iepurasului\/\">C\u0103su\u021ba Iepura\u0219ului<\/a><\/p>\n<p><a href=\"https:\/\/www.povesti-pentru-copii.ro\/diafilm-ce-se-intampla-iarna\/\">Ce se \u00eent\u00e2mpla Iarna<\/a><\/p>\n<p><a href=\"https:\/\/www.povesti-pentru-copii.ro\/diafilm-cei-trei-pitici-din-padure\/\">Cei Trei Pitici din P\u0103dure<\/a><\/p>\n<p><a href=\"https:\/\/www.povesti-pentru-copii.ro\/diafilm-cenusareasa\/\">Cenu\u0219\u0103reasa<\/a><\/p>\n<p><a href=\"https:\/\/www.povesti-pentru-copii.ro\/diafilm-cocosel-creasta-de-aur\/\">Coco\u0219el Creast\u0103 de Aur<\/a><\/p>\n<p><a href=\"https:\/\/www.povesti-pentru-copii.ro\/diafilm-condurii-zburatori\/\">Condurii Zbur\u0103tori<\/a><\/p>\n<p><a href=\"https:\/\/www.povesti-pentru-copii.ro\/diafilm-corbul-si-vulpea\/\">Corbul \u0219i Vulpea<\/a><\/p>\n<p><a href=\"https:\/\/www.povesti-pentru-copii.ro\/diafilm-croitorasul\/\">Croitora\u0219ul<\/a><\/p>\n<p><a href=\"https:\/\/www.povesti-pentru-copii.ro\/diafilm-cuore\/\">Cuore<\/a><\/td>\n<td style=\"width: 50%;\"><a href=\"https:\/\/www.povesti-pentru-copii.ro\/diafilm-iepurele-si-broasca-testoasa\/\">Iepurele \u0219i Broasca \u021aestoas\u0103<\/a><\/p>\n<p><a href=\"https:\/\/www.povesti-pentru-copii.ro\/diafilm-ispravile-lui-pacala-fuga\/\">Ispr\u0103vile lui P\u0103cal\u0103 &#8211; Fuga<\/a><\/p>\n<p><a href=\"https:\/\/www.povesti-pentru-copii.ro\/diafilm-ivan-nazdravan-si-zmeul\/\">Ivan N\u0103zdr\u0103van \u0219i Zmeul<\/a><\/p>\n<p><a href=\"https:\/\/www.povesti-pentru-copii.ro\/diafilm-ivan-turbinca\/\">Ivan Turbinc\u0103<\/a><\/td>\n<\/tr>\n<tr>\n<td style=\"width: 50%;\"><a href=\"https:\/\/www.povesti-pentru-copii.ro\/diafilm-dan-salveaza-puiul-de-foca\/\">Dan salveaz\u0103 puiul de foc\u0103<\/a><\/p>\n<p><a href=\"https:\/\/www.povesti-pentru-copii.ro\/diafilm-danila-prepeleac\/\">D\u0103nil\u0103 Prepeleac<\/a><\/p>\n<p><a href=\"https:\/\/www.povesti-pentru-copii.ro\/diafilm-descult\/\">Descul\u021b<\/a><\/p>\n<p><a href=\"https:\/\/www.povesti-pentru-copii.ro\/diafilm-din-lumea-fericita-a-copiilor\/\">Din lumea fericit\u0103 a copiilor<\/a><\/p>\n<p><a href=\"https:\/\/www.povesti-pentru-copii.ro\/diafilm-dochia\/\">Dochia<\/a><\/p>\n<p><a href=\"https:\/\/www.povesti-pentru-copii.ro\/diafilm-dreptatea-lui-voda\/\">Dreptatea lui Vod\u0103<\/a><\/p>\n<p><a href=\"https:\/\/www.povesti-pentru-copii.ro\/diafilm-dupa-plata-si-rasplata\/\">Dup\u0103 plat\u0103 \u0219i r\u0103splat\u0103<\/a><\/td>\n<td style=\"width: 50%;\"><a href=\"https:\/\/www.povesti-pentru-copii.ro\/diafilm-jupan-ranica-vulpoiul\/\">Jup\u00e2n R\u0103nic\u0103 Vulpoiul<\/a><\/td>\n<\/tr>\n<tr>\n<td style=\"width: 50%;\"><a href=\"https:\/\/www.povesti-pentru-copii.ro\/diafilm-el-zorab\/\">El-Zorab<\/a><\/td>\n<td style=\"width: 50%;\"><a href=\"https:\/\/www.povesti-pentru-copii.ro\/diafilm-la-carnaval\/\">La Carnaval<\/a><\/p>\n<p><a href=\"https:\/\/www.povesti-pentru-copii.ro\/diafilm-la-noi-in-gradinita\/\">La noi \u00een Gr\u0103dini\u021b\u0103<\/a><\/p>\n<p><a href=\"https:\/\/www.povesti-pentru-copii.ro\/diafilm-lebedele\/\">Lebedele<\/a><\/td>\n<\/tr>\n<tr>\n<td style=\"width: 50%;\"><a href=\"https:\/\/www.povesti-pentru-copii.ro\/diafilm-fata-babei-si-fata-mosului\/\">Fata Babei \u0219i Fata Mo\u0219ului<\/a><\/p>\n<p><a href=\"https:\/\/www.povesti-pentru-copii.ro\/diafilm-fata-saracului-cea-isteata\/\">Fata s\u0103racului cea istea\u021b\u0103<\/a><\/p>\n<p><a href=\"https:\/\/www.povesti-pentru-copii.ro\/diafilm-fat-frumos-din-lacrima\/\">F\u0103t Frumos din Lacrim\u0103<\/a><\/p>\n<p><a href=\"https:\/\/www.povesti-pentru-copii.ro\/diafilm-florita-din-codru\/\">Flori\u021ba din codru<\/a><\/td>\n<td style=\"width: 50%;\"><a href=\"https:\/\/www.povesti-pentru-copii.ro\/diafilm-mariuca\/\">M\u0103riuca<\/a><\/p>\n<p><a href=\"https:\/\/www.povesti-pentru-copii.ro\/diafilm-micii-dorobanti\/\">Micii Doroban\u021bi<\/a><\/p>\n<p><a href=\"https:\/\/www.povesti-pentru-copii.ro\/diafilm-micul-muck\/\">Micul Muck<\/a><\/p>\n<p><a href=\"https:\/\/www.povesti-pentru-copii.ro\/diafilm-mihaita-tunaru\/\">Mih\u0103i\u021b\u0103 Tunaru<\/a><\/p>\n<p><a href=\"https:\/\/www.povesti-pentru-copii.ro\/diafilm-mos-ion-roata\/\">Mo\u0219 Ion Roat\u0103<\/a><\/td>\n<\/tr>\n<\/tbody>\n<\/table>\n<p>&nbsp;<\/p>\n<table style=\"border-collapse: collapse; width: 100%;\">\n<tbody>\n<tr>\n<td style=\"width: 50%;\"><a href=\"https:\/\/www.povesti-pentru-copii.ro\/diafilm-neghinita\/\">Neghini\u021b\u0103<\/a><\/p>\n<p><a href=\"https:\/\/www.povesti-pentru-copii.ro\/diafilm-nicolae-balcescu\/\">Nicolae B\u0103lcescu<\/a><\/p>\n<p><a href=\"https:\/\/www.povesti-pentru-copii.ro\/diafilm-norisor\/\">Nori\u0219or<\/a><\/p>\n<p><a href=\"https:\/\/www.povesti-pentru-copii.ro\/diafilm-nuielusa-de-alun\/\">Nuielu\u0219a de Alun<\/a><\/td>\n<td style=\"width: 50%;\"><a href=\"https:\/\/www.povesti-pentru-copii.ro\/diafilm-sabia-de-foc\/\">Sabia de Foc<\/a><\/p>\n<p><a href=\"https:\/\/www.povesti-pentru-copii.ro\/diafilm-sarea-in-bucate\/\">Sarea \u00een Bucate<\/a><\/p>\n<p><a href=\"https:\/\/www.povesti-pentru-copii.ro\/diafilm-scufita-rosie\/\">Scufi\u021ba Ro\u0219ie<\/a><\/p>\n<p><a href=\"https:\/\/www.povesti-pentru-copii.ro\/diafilm-scurta-istorie\/\">Scurt\u0103 Istorie<\/a><\/p>\n<p><a href=\"https:\/\/www.povesti-pentru-copii.ro\/diafilm-soacra-cu-trei-nurori\/\">Soacra cu trei Nurori<\/a><\/p>\n<p><a href=\"https:\/\/www.povesti-pentru-copii.ro\/diafilm-soarele-si-omuletii-de-zapada\/\">Soarele \u0219i Omule\u021bii de Z\u0103pad\u0103<\/a><\/td>\n<\/tr>\n<tr>\n<td style=\"width: 50%;\"><a href=\"https:\/\/www.povesti-pentru-copii.ro\/diafilm-omul-de-piatra\/\">Omul de Piatr\u0103<\/a><\/p>\n<p><a href=\"https:\/\/www.povesti-pentru-copii.ro\/diafilm-oul-nazdravan\/\">Oul N\u0103zdr\u0103van<\/a><\/td>\n<td style=\"width: 50%;\"><a href=\"https:\/\/www.povesti-pentru-copii.ro\/diafilm-tabloul-fermecat\/\">Tabloul Fermecat<\/a><\/p>\n<p><a href=\"https:\/\/www.povesti-pentru-copii.ro\/diafilm-tinerete-fara-batranete\/\">Tinere\u021be F\u0103r\u0103 B\u0103tr\u00e2ne\u021be<\/a><\/p>\n<p><a href=\"https:\/\/www.povesti-pentru-copii.ro\/diafilm-turtita\/\">Turti\u021ba<\/a><\/td>\n<\/tr>\n<tr>\n<td style=\"width: 50%;\"><a href=\"https:\/\/www.povesti-pentru-copii.ro\/diafilm-pataniile-lui-ciuciumingu\/\">P\u0103\u021baniile lui Ciuciumingu<\/a><\/p>\n<p><a href=\"https:\/\/www.povesti-pentru-copii.ro\/diafilm-praslea-cel-voinic-si-merele-de-aur\/\">Pr\u00e2slea Cel Voinic \u0218i Merele De Aur<\/a><\/p>\n<p><a href=\"https:\/\/www.povesti-pentru-copii.ro\/diafilm-poveste-cu-soricei\/\">Poveste cu \u0218oricei<\/a><\/p>\n<p><a href=\"https:\/\/www.povesti-pentru-copii.ro\/diafilm-povestirile-lui-iepurila\/\">Povestirile lui Iepuril\u0103<\/a><\/p>\n<p><a href=\"https:\/\/www.povesti-pentru-copii.ro\/diafilm-puiul\/\">Puiul<\/a><\/p>\n<p><a href=\"https:\/\/www.povesti-pentru-copii.ro\/diafilm-punguta-cu-doi-bani\/\">Pungu\u021ba cu Doi Bani<\/a><\/p>\n<p><a href=\"https:\/\/www.povesti-pentru-copii.ro\/diafilm-pupaza-din-tei\/\">Pup\u0103za din Tei<\/a><\/td>\n<td style=\"width: 50%;\"><a href=\"https:\/\/www.povesti-pentru-copii.ro\/diafilm-unde-a-zburat-randunica\/\">Unde a zburat R\u00e2ndunica<\/a><\/p>\n<p><a href=\"https:\/\/www.povesti-pentru-copii.ro\/diafilm-ursul-pacalit-de-vulpe\/\">Ursul P\u0103c\u0103lit de Vulpe<\/a><\/p>\n<p><a href=\"https:\/\/www.povesti-pentru-copii.ro\/diafilm-ursuletul-martinica\/\">Ursule\u021bul Martinic\u0103<\/a><\/td>\n<\/tr>\n<tr>\n<td style=\"width: 50%;\"><a href=\"https:\/\/www.povesti-pentru-copii.ro\/diafilm-rasplata-lenesului\/\">R\u0103splata Lene\u0219ului<\/a><\/p>\n<p><a href=\"https:\/\/www.povesti-pentru-copii.ro\/diafilm-ridichia-uriasa\/\">Ridichia Uria\u0219\u0103<\/a><\/p>\n<p><a href=\"https:\/\/www.povesti-pentru-copii.ro\/diafilm-robinson-crusoe\/\">Robinson Crusoe<\/a><\/td>\n<td style=\"width: 50%;\"><a href=\"https:\/\/www.povesti-pentru-copii.ro\/diafilm-voinicelul\/\">Voinicelul<\/a><\/td>\n<\/tr>\n<tr>\n<td style=\"width: 50%;\"><\/td>\n<td style=\"width: 50%;\"><a href=\"https:\/\/www.povesti-pentru-copii.ro\/diafilm-zana-lacului\/\">Z\u00e2na Lacului<\/a><\/td>\n<\/tr>\n<\/tbody>\n<\/table>\n<p>&nbsp;<\/p>\n","protected":false},"excerpt":{"rendered":"<p>Diafilmul (din prefixul \u00een limba greac\u0103 \u03b4\u03b9\u03b1 cu sensul de prin \u0219i film) este un film fotografic (o band\u0103 de celuloid) care con\u021bine o serie de diapozitive (\u00eenso\u021bite de text &#8230; <\/p>\n<p class=\"read-more-container\"><a title=\"Diafilme\" class=\"read-more button\" href=\"https:\/\/scriem.ro\/povesti\/diafilme\/#more-337\" aria-label=\"Read more about Diafilme\">Continua\u021bi s\u0103 citi\u021bi<\/a><\/p>\n","protected":false},"author":2,"featured_media":0,"parent":0,"menu_order":0,"comment_status":"closed","ping_status":"closed","template":"","meta":{"_uf_show_specific_survey":0,"_uf_disable_surveys":false,"footnotes":""},"class_list":{"0":"post-337","1":"page","2":"type-page","3":"status-publish","5":"infinite-scroll-item"},"aioseo_notices":[],"_links":{"self":[{"href":"https:\/\/scriem.ro\/povesti\/wp-json\/wp\/v2\/pages\/337","targetHints":{"allow":["GET"]}}],"collection":[{"href":"https:\/\/scriem.ro\/povesti\/wp-json\/wp\/v2\/pages"}],"about":[{"href":"https:\/\/scriem.ro\/povesti\/wp-json\/wp\/v2\/types\/page"}],"author":[{"embeddable":true,"href":"https:\/\/scriem.ro\/povesti\/wp-json\/wp\/v2\/users\/2"}],"replies":[{"embeddable":true,"href":"https:\/\/scriem.ro\/povesti\/wp-json\/wp\/v2\/comments?post=337"}],"version-history":[{"count":0,"href":"https:\/\/scriem.ro\/povesti\/wp-json\/wp\/v2\/pages\/337\/revisions"}],"wp:attachment":[{"href":"https:\/\/scriem.ro\/povesti\/wp-json\/wp\/v2\/media?parent=337"}],"curies":[{"name":"wp","href":"https:\/\/api.w.org\/{rel}","templated":true}]}}