{"id":521,"date":"2020-04-21T21:50:10","date_gmt":"2020-04-21T18:50:10","guid":{"rendered":"https:\/\/www.povesti-nemuritoare.ro\/?page_id=521"},"modified":"2023-06-11T13:36:46","modified_gmt":"2023-06-11T10:36:46","slug":"despre-noi","status":"publish","type":"page","link":"https:\/\/scriem.ro\/povesti\/despre-noi\/","title":{"rendered":"Despre noi"},"content":{"rendered":"<p style=\"text-align: justify;\">Punem la dispozi\u021bia dumneavoastr\u0103 o arhiv\u0103 electronic\u0103 (operele fiind preluate majoritatea din spa\u021biul web, opere care fac parte din <a href=\"https:\/\/ro.wikipedia.org\/wiki\/Domeniul_public\"><strong>domeniul public <\/strong><\/a>&#8211; <a href=\"https:\/\/ro.wikisource.org\/wiki\/Categorie:Autori_ale_c%C4%83ror_opere_nu_sunt_%C3%AEn_domeniul_public\"><strong>aici<\/strong><\/a> gasi\u021bi autori ale c\u0103ror opere nu sunt \u00eenc\u0103 \u00een domeniul public)\u00a0 de <strong>poezie<\/strong> rom\u00e2neasc\u0103 \u0219i universal\u0103, <strong>basme, <a href=\"https:\/\/scriem.ro\/povesti\/\">pove\u0219ti<\/a>, povestiri<\/strong>, <strong><a href=\"https:\/\/scriem.ro\/povesti\/esop\/\">fabule<\/a><\/strong>, <strong>c\u00e2ntece patriotice \u0219i legende istorice<\/strong>, <a href=\"https:\/\/www.povesti-pentru-copii.ro\/diafilme\/\"><strong>diafilme<\/strong><\/a>,<strong> <a href=\"https:\/\/www.povesti-pentru-copii.ro\/proverbe-si-zicatori-ordonate-alfabetic\/\">proverbe<\/a><\/strong>, <strong>ghicitori<\/strong> \u0219i multe altele.<\/p>\n<p>&nbsp;<\/p>\n<p style=\"text-align: center;\"><a href=\"http:\/\/creativecommons.org\/licenses\/by-sa\/3.0\/\" rel=\"license\"><img decoding=\"async\" class=\"aligncenter\" src=\"https:\/\/i.creativecommons.org\/l\/by-sa\/3.0\/88x31.png\" alt=\"Licen\u0163a Creative Commons\" \/><\/a><br \/>\nOperele sunt puse la dispozi\u0163ie sub <a href=\"http:\/\/creativecommons.org\/licenses\/by-sa\/3.0\/\" rel=\"license\">Licen\u0163a Creative Commons Atribuire &#8211; Distribuire \u00een condi\u0163ii identice 3.0 Ne-adaptat\u0103 <\/a><\/p>\n<p>&nbsp;<\/p>\n<p style=\"text-align: justify;\">\u00cen cazul \u00een care exist\u0103 persoane care nu sunt de acord cu publicarea anumitor texte pe site-ul www.povesti-pentru-copii.ro v\u0103 rug\u0103m respectuos s\u0103 ne contactati (<a href=\"https:\/\/www.povesti-pentru-copii.ro\/contact\/\"><strong>formular web<\/strong><\/a> sau mail catre contact.povestipentrucopii (at) gmail.com) pentru a ne transmite dorin\u0163a de retragere a textului de pe website cu motiva\u021bia corespunz\u0103toare . V\u0103 mul\u021bumim anticipat.<\/p>\n<p style=\"text-align: justify;\">Noi sper\u0103m s\u0103 ave\u021bi o &#8220;\u0219edere&#8221; pl\u0103cut\u0103 pe platforma web \u0219i s\u0103 va bucura\u021bi de colec\u021bia atent aleas\u0103 \u0219i reprodus\u0103 pentru dumneavoastr\u0103.<\/p>\n<p style=\"text-align: center;\">\n","protected":false},"excerpt":{"rendered":"<p>Punem la dispozi\u021bia dumneavoastr\u0103 o arhiv\u0103 electronic\u0103 (operele fiind preluate majoritatea din spa\u021biul web, opere care fac parte din domeniul public &#8211; aici gasi\u021bi autori ale c\u0103ror opere nu sunt &#8230; <\/p>\n<p class=\"read-more-container\"><a title=\"Despre noi\" class=\"read-more button\" href=\"https:\/\/scriem.ro\/povesti\/despre-noi\/#more-521\" aria-label=\"Read more about Despre noi\">Continua\u021bi s\u0103 citi\u021bi<\/a><\/p>\n","protected":false},"author":2,"featured_media":0,"parent":0,"menu_order":0,"comment_status":"closed","ping_status":"closed","template":"","meta":{"_uf_show_specific_survey":0,"_uf_disable_surveys":false,"footnotes":""},"class_list":{"0":"post-521","1":"page","2":"type-page","3":"status-publish","5":"infinite-scroll-item"},"aioseo_notices":[],"_links":{"self":[{"href":"https:\/\/scriem.ro\/povesti\/wp-json\/wp\/v2\/pages\/521","targetHints":{"allow":["GET"]}}],"collection":[{"href":"https:\/\/scriem.ro\/povesti\/wp-json\/wp\/v2\/pages"}],"about":[{"href":"https:\/\/scriem.ro\/povesti\/wp-json\/wp\/v2\/types\/page"}],"author":[{"embeddable":true,"href":"https:\/\/scriem.ro\/povesti\/wp-json\/wp\/v2\/users\/2"}],"replies":[{"embeddable":true,"href":"https:\/\/scriem.ro\/povesti\/wp-json\/wp\/v2\/comments?post=521"}],"version-history":[{"count":0,"href":"https:\/\/scriem.ro\/povesti\/wp-json\/wp\/v2\/pages\/521\/revisions"}],"wp:attachment":[{"href":"https:\/\/scriem.ro\/povesti\/wp-json\/wp\/v2\/media?parent=521"}],"curies":[{"name":"wp","href":"https:\/\/api.w.org\/{rel}","templated":true}]}}