{"id":58,"date":"2020-04-19T19:00:19","date_gmt":"2020-04-19T16:00:19","guid":{"rendered":"http:\/\/www.povesti-nemuritoare.ro\/?page_id=58"},"modified":"2024-02-24T15:15:29","modified_gmt":"2024-02-24T12:15:29","slug":"povesti-nemuritoare","status":"publish","type":"page","link":"https:\/\/scriem.ro\/povesti\/","title":{"rendered":"Scriem.Ro"},"content":{"rendered":"<p><span style=\"font-family: comic sans ms, sans-serif; font-size: 14pt;\">v\u0103 invit\u0103 la lectur\u0103 oferindu-v\u0103 o mic\u0103 colec\u0163ie de pove\u0219ti atent aleas\u0103, <a href=\"https:\/\/www.scriem.ro\/povesti\/genul-epic\/proza\/basme-povesti-si-povestiri\/povesti-scurte-de-adormit-copiii\/\">pove\u0219ti scurte de adormit copiii<\/a>, pove\u0219ti cu t\u00e2lc, pove\u0219ti nemuritoare, povestiri, basme, poezii, <a href=\"https:\/\/scriem.ro\/povesti\/esop\/\">fabule<\/a>, nuvele, balade, balade populare, c\u00e2ntece patriotice \u0219i legende istorice, <a href=\"https:\/\/www.scriem.ro\/povesti\/proverbe-si-zicatori\/\">proverbe \u0219i zic\u0103tori<\/a>, scenete, <a href=\"https:\/\/www.scriem.ro\/povesti\/diafilme\/\">diafilme<\/a> \u0219i nu numai.<\/span><\/p>\n<p><span style=\"font-family: comic sans ms, sans-serif; font-size: 14pt;\">Aceast\u0103 colec\u021bie este adresat\u0103 tuturor, dar mai ales copiilor no\u0219tri sau p\u0103rin\u021bilor care doresc s\u0103 le citeasc\u0103 prichindeilor o poveste fie c\u0103 e diminea\u021b\u0103 sau seara la culcare a\u0219tept\u00e2nd cu ner\u0103bdare povestea de noapte bun\u0103. Aceast\u0103 lume fantastic\u0103 a c\u0103r\u021bilor este o lume magic\u0103 unde imagina\u021bia nu are limite \u0219i de aceea este at\u00e2t de important\u0103 \u0219i fundamental\u0103 \u00een dezvoltarea personal\u0103.<\/span><\/p>\n<p><span style=\"font-family: comic sans ms, sans-serif; font-size: 14pt;\">Selec\u021bia de pove\u015fti online a fost realizat\u0103 \u00een scop pur educa\u021bional \u0219i din dorin\u021ba de a oferi \u0219i a retr\u0103i de asemenea ceea ce noi am tr\u0103it la r\u00e2ndul nostru \u00een perioada copil\u0103riei.<\/span><\/p>\n<p><span style=\"font-family: comic sans ms, sans-serif; font-size: 14pt;\">V\u0103 dorim o lectur\u0103 pl\u0103cut\u0103, relaxant\u0103 \u0219i nu uita\u021bi c\u0103 viata e o carte, iar noi o fila din ea. Nu l\u0103sa\u021bi timpul s\u0103 treac\u0103, f\u0103r\u0103 s\u0103 \u00eenv\u0103\u0163a\u021bi ceva!<br \/>\n<\/span><\/p>\n<p style=\"text-align: center;\"><span style=\"font-family: comic sans ms, sans-serif; font-size: 14pt;\">&#8220;Cea mai bun\u0103 investi\u021bie pe care o po\u021bi face este investi\u021bia \u00een tine&#8221; <\/span><\/p>\n<p style=\"text-align: center;\"><span style=\"font-family: comic sans ms, sans-serif; font-size: 14pt;\">&#8211; Warren Buffett<\/span><\/p>\n<p>&nbsp;<\/p>\n<p>&nbsp;<\/p>\n<p style=\"text-align: left;\">\n","protected":false},"excerpt":{"rendered":"<p>v\u0103 invit\u0103 la lectur\u0103 oferindu-v\u0103 o mic\u0103 colec\u0163ie de pove\u0219ti atent aleas\u0103, pove\u0219ti scurte de adormit copiii, pove\u0219ti cu t\u00e2lc, pove\u0219ti nemuritoare, povestiri, basme, poezii, fabule, nuvele, balade, balade populare, &#8230; <\/p>\n<p class=\"read-more-container\"><a title=\"Scriem.Ro\" class=\"read-more button\" href=\"https:\/\/scriem.ro\/povesti\/#more-58\" aria-label=\"Read more about Scriem.Ro\">Continua\u021bi s\u0103 citi\u021bi<\/a><\/p>\n","protected":false},"author":2,"featured_media":0,"parent":0,"menu_order":0,"comment_status":"closed","ping_status":"closed","template":"","meta":{"_uf_show_specific_survey":0,"_uf_disable_surveys":false,"footnotes":""},"class_list":{"0":"post-58","1":"page","2":"type-page","3":"status-publish","5":"infinite-scroll-item"},"aioseo_notices":[],"_links":{"self":[{"href":"https:\/\/scriem.ro\/povesti\/wp-json\/wp\/v2\/pages\/58","targetHints":{"allow":["GET"]}}],"collection":[{"href":"https:\/\/scriem.ro\/povesti\/wp-json\/wp\/v2\/pages"}],"about":[{"href":"https:\/\/scriem.ro\/povesti\/wp-json\/wp\/v2\/types\/page"}],"author":[{"embeddable":true,"href":"https:\/\/scriem.ro\/povesti\/wp-json\/wp\/v2\/users\/2"}],"replies":[{"embeddable":true,"href":"https:\/\/scriem.ro\/povesti\/wp-json\/wp\/v2\/comments?post=58"}],"version-history":[{"count":0,"href":"https:\/\/scriem.ro\/povesti\/wp-json\/wp\/v2\/pages\/58\/revisions"}],"wp:attachment":[{"href":"https:\/\/scriem.ro\/povesti\/wp-json\/wp\/v2\/media?parent=58"}],"curies":[{"name":"wp","href":"https:\/\/api.w.org\/{rel}","templated":true}]}}